{"id":2490,"date":"2025-01-28T10:19:25","date_gmt":"2025-01-28T08:19:25","guid":{"rendered":"https:\/\/hansarotary.ee\/uusleht\/?page_id=2490"},"modified":"2025-01-28T10:40:13","modified_gmt":"2025-01-28T08:40:13","slug":"uudised","status":"publish","type":"page","link":"https:\/\/hansarotary.ee\/uusleht\/uudised\/","title":{"rendered":"Uudised"},"content":{"rendered":"\t\t<div data-elementor-type=\"wp-page\" data-elementor-id=\"2490\" class=\"elementor elementor-2490\" data-elementor-post-type=\"page\">\n\t\t\t\t<div class=\"elementor-element elementor-element-3ce0d739 e-flex e-con-boxed e-con e-parent\" data-id=\"3ce0d739\" data-element_type=\"container\" data-e-type=\"container\">\n\t\t\t\t\t<div class=\"e-con-inner\">\n\t\t\t\t<div class=\"elementor-element elementor-element-7fae1200 elementor-widget elementor-widget-heading\" data-id=\"7fae1200\" data-element_type=\"widget\" data-e-type=\"widget\" data-widget_type=\"heading.default\">\n\t\t\t\t<div class=\"elementor-widget-container\">\n\t\t\t\t\t<h1 class=\"elementor-heading-title elementor-size-default\">Uudised<\/h1>\t\t\t\t<\/div>\n\t\t\t\t<\/div>\n\t\t\t\t\t<\/div>\n\t\t\t\t<\/div>\n\t\t<div class=\"elementor-element elementor-element-9eb8aa4 e-flex e-con-boxed e-con e-parent\" data-id=\"9eb8aa4\" data-element_type=\"container\" data-e-type=\"container\">\n\t\t\t\t\t<div class=\"e-con-inner\">\n\t\t<div class=\"elementor-element elementor-element-5d0e862 e-con-full e-flex e-con e-child\" data-id=\"5d0e862\" data-element_type=\"container\" data-e-type=\"container\">\n\t\t\t\t<div class=\"elementor-element elementor-element-f9b6267 elementor-grid-3 elementor-grid-tablet-2 elementor-grid-mobile-1 elementor-posts--thumbnail-top elementor-card-shadow-yes elementor-posts__hover-gradient elementor-widget elementor-widget-posts\" data-id=\"f9b6267\" data-element_type=\"widget\" data-e-type=\"widget\" data-settings=\"{&quot;pagination_type&quot;:&quot;load_more_infinite_scroll&quot;,&quot;cards_columns&quot;:&quot;3&quot;,&quot;cards_columns_tablet&quot;:&quot;2&quot;,&quot;cards_columns_mobile&quot;:&quot;1&quot;,&quot;cards_row_gap&quot;:{&quot;unit&quot;:&quot;px&quot;,&quot;size&quot;:35,&quot;sizes&quot;:[]},&quot;cards_row_gap_tablet&quot;:{&quot;unit&quot;:&quot;px&quot;,&quot;size&quot;:&quot;&quot;,&quot;sizes&quot;:[]},&quot;cards_row_gap_mobile&quot;:{&quot;unit&quot;:&quot;px&quot;,&quot;size&quot;:&quot;&quot;,&quot;sizes&quot;:[]},&quot;load_more_spinner&quot;:{&quot;value&quot;:&quot;fas fa-spinner&quot;,&quot;library&quot;:&quot;fa-solid&quot;}}\" data-widget_type=\"posts.cards\">\n\t\t\t\t<div class=\"elementor-widget-container\">\n\t\t\t\t\t\t\t<div class=\"elementor-posts-container elementor-posts elementor-posts--skin-cards elementor-grid\">\n\t\t\t\t<article class=\"elementor-post elementor-grid-item post-2489 post type-post status-publish format-standard has-post-thumbnail hentry category-info\">\n\t\t\t<div class=\"elementor-post__card\">\n\t\t\t\t<a class=\"elementor-post__thumbnail__link\" href=\"https:\/\/hansarotary.ee\/uusleht\/info\/talvelaager-2025\/\" tabindex=\"-1\" ><div class=\"elementor-post__thumbnail\"><img fetchpriority=\"high\" decoding=\"async\" width=\"600\" height=\"354\" src=\"https:\/\/hansarotary.ee\/uusleht\/wp-content\/uploads\/2024\/11\/rotary-talvelaager-2025.jpg\" class=\"attachment-full size-full wp-image-2533\" alt=\"\" srcset=\"https:\/\/hansarotary.ee\/uusleht\/wp-content\/uploads\/2024\/11\/rotary-talvelaager-2025.jpg 600w, https:\/\/hansarotary.ee\/uusleht\/wp-content\/uploads\/2024\/11\/rotary-talvelaager-2025-300x177.jpg 300w\" sizes=\"(max-width: 600px) 100vw, 600px\" \/><\/div><\/a>\n\t\t\t\t<div class=\"elementor-post__badge\">Info<\/div>\n\t\t\t\t<div class=\"elementor-post__text\">\n\t\t\t\t<h3 class=\"elementor-post__title\">\n\t\t\t<a href=\"https:\/\/hansarotary.ee\/uusleht\/info\/talvelaager-2025\/\" >\n\t\t\t\tTalvelaager 2025\t\t\t<\/a>\n\t\t<\/h3>\n\t\t\t\t<div class=\"elementor-post__excerpt\">\n\t\t\t<p>ROTARY\u00a0 XIX TALVELAAGER 17.-19.01. 2025\u00a0 K\u00c4\u00c4RIKUL Hinnad ka\u00a0 seekord sisule v\u00e4\u00e4rilised ja soodsad ning valikuv\u00f5imalustega: Reedest kuni p\u00fchap\u00e4eva l\u00f5unani kogu pakutav sisu 220 EUR Ilma eksklusiivse spordita 190 EUR Ainult laup\u00e4eva \u00f5htune pidu 100 EUR Registreerimine klubimeister@hansarotary.ee koos tasumisega kuni<\/p>\n\t\t<\/div>\n\t\t\n\t\t<a class=\"elementor-post__read-more\" href=\"https:\/\/hansarotary.ee\/uusleht\/info\/talvelaager-2025\/\" aria-label=\"Read more about Talvelaager 2025\" tabindex=\"-1\" >\n\t\t\tLoe edasi \u00bb\t\t<\/a>\n\n\t\t\t\t<\/div>\n\t\t\t\t<div class=\"elementor-post__meta-data\">\n\t\t\t\t\t<span class=\"elementor-post-date\">\n\t\t\t12. nov. 2024\t\t<\/span>\n\t\t\t\t<\/div>\n\t\t\t\t\t<\/div>\n\t\t<\/article>\n\t\t\t\t<article class=\"elementor-post elementor-grid-item post-2468 post type-post status-publish format-standard has-post-thumbnail hentry category-info\">\n\t\t\t<div class=\"elementor-post__card\">\n\t\t\t\t<a class=\"elementor-post__thumbnail__link\" href=\"https:\/\/hansarotary.ee\/uusleht\/info\/piirkonna-konverents-2\/\" tabindex=\"-1\" ><div class=\"elementor-post__thumbnail\"><img decoding=\"async\" width=\"1086\" height=\"1536\" src=\"https:\/\/hansarotary.ee\/uusleht\/wp-content\/uploads\/2024\/09\/Kutse2024-1086x1536-1.jpg\" class=\"attachment-full size-full wp-image-2531\" alt=\"\" srcset=\"https:\/\/hansarotary.ee\/uusleht\/wp-content\/uploads\/2024\/09\/Kutse2024-1086x1536-1.jpg 1086w, https:\/\/hansarotary.ee\/uusleht\/wp-content\/uploads\/2024\/09\/Kutse2024-1086x1536-1-212x300.jpg 212w, https:\/\/hansarotary.ee\/uusleht\/wp-content\/uploads\/2024\/09\/Kutse2024-1086x1536-1-724x1024.jpg 724w, https:\/\/hansarotary.ee\/uusleht\/wp-content\/uploads\/2024\/09\/Kutse2024-1086x1536-1-768x1086.jpg 768w\" sizes=\"(max-width: 1086px) 100vw, 1086px\" \/><\/div><\/a>\n\t\t\t\t<div class=\"elementor-post__badge\">Info<\/div>\n\t\t\t\t<div class=\"elementor-post__text\">\n\t\t\t\t<h3 class=\"elementor-post__title\">\n\t\t\t<a href=\"https:\/\/hansarotary.ee\/uusleht\/info\/piirkonna-konverents-2\/\" >\n\t\t\t\tPIIRKONNA KONVERENTS\t\t\t<\/a>\n\t\t<\/h3>\n\t\t\t\t<div class=\"elementor-post__excerpt\">\n\t\t\t<p>&nbsp; Link konverentsile ja galale registreerumiseks https:\/\/rotary.ee\/ See piirkonna konverents on eriline! Tuleb koju k\u00e4tte ja me oleme teinud selle nii p\u00f5nevaks, et tahame ise osaleda. Konverents on m\u00f5eldud k\u00f5igile rotariaanidele, nende kaaslastele ja s\u00f5pradele. Teemad on iga\u00fche tervist ja<\/p>\n\t\t<\/div>\n\t\t\n\t\t<a class=\"elementor-post__read-more\" href=\"https:\/\/hansarotary.ee\/uusleht\/info\/piirkonna-konverents-2\/\" aria-label=\"Read more about PIIRKONNA KONVERENTS\" tabindex=\"-1\" >\n\t\t\tLoe edasi \u00bb\t\t<\/a>\n\n\t\t\t\t<\/div>\n\t\t\t\t<div class=\"elementor-post__meta-data\">\n\t\t\t\t\t<span class=\"elementor-post-date\">\n\t\t\t9. sept. 2024\t\t<\/span>\n\t\t\t\t<\/div>\n\t\t\t\t\t<\/div>\n\t\t<\/article>\n\t\t\t\t<article class=\"elementor-post elementor-grid-item post-2454 post type-post status-publish format-standard has-post-thumbnail hentry category-info\">\n\t\t\t<div class=\"elementor-post__card\">\n\t\t\t\t<a class=\"elementor-post__thumbnail__link\" href=\"https:\/\/hansarotary.ee\/uusleht\/info\/tartu-turuhoone-kulastus\/\" tabindex=\"-1\" ><div class=\"elementor-post__thumbnail\"><img decoding=\"async\" width=\"768\" height=\"592\" src=\"https:\/\/hansarotary.ee\/uusleht\/wp-content\/uploads\/2024\/09\/20240909_170724-1-768x592-1.jpg\" class=\"attachment-full size-full wp-image-2537\" alt=\"\" srcset=\"https:\/\/hansarotary.ee\/uusleht\/wp-content\/uploads\/2024\/09\/20240909_170724-1-768x592-1.jpg 768w, https:\/\/hansarotary.ee\/uusleht\/wp-content\/uploads\/2024\/09\/20240909_170724-1-768x592-1-300x231.jpg 300w\" sizes=\"(max-width: 768px) 100vw, 768px\" \/><\/div><\/a>\n\t\t\t\t<div class=\"elementor-post__badge\">Info<\/div>\n\t\t\t\t<div class=\"elementor-post__text\">\n\t\t\t\t<h3 class=\"elementor-post__title\">\n\t\t\t<a href=\"https:\/\/hansarotary.ee\/uusleht\/info\/tartu-turuhoone-kulastus\/\" >\n\t\t\t\tTartu Turuhoone k\u00fclastus\t\t\t<\/a>\n\t\t<\/h3>\n\t\t\t\t<div class=\"elementor-post__excerpt\">\n\t\t\t<p>Meie klubi on selle hooaja alguses keskendunud meie oma kodulinnale\u00a0 &#8211; Tartule. \u00a0Lisaks kultuuris\u00fcndmustele, mida Tartu 2024 pakub, saame kuulda ja n\u00e4haTartu erinevaid lugusid, on p\u00e4ris lahe. T\u00e4na olime k\u00fclas Tartu turul. Haldus- ja arendusjuht\u00a0 Ivo Tombak tervitas klubiliikmeid maja<\/p>\n\t\t<\/div>\n\t\t\n\t\t<a class=\"elementor-post__read-more\" href=\"https:\/\/hansarotary.ee\/uusleht\/info\/tartu-turuhoone-kulastus\/\" aria-label=\"Read more about Tartu Turuhoone k\u00fclastus\" tabindex=\"-1\" >\n\t\t\tLoe edasi \u00bb\t\t<\/a>\n\n\t\t\t\t<\/div>\n\t\t\t\t<div class=\"elementor-post__meta-data\">\n\t\t\t\t\t<span class=\"elementor-post-date\">\n\t\t\t9. sept. 2024\t\t<\/span>\n\t\t\t\t<\/div>\n\t\t\t\t\t<\/div>\n\t\t<\/article>\n\t\t\t\t<article class=\"elementor-post elementor-grid-item post-2441 post type-post status-publish format-standard has-post-thumbnail hentry category-info\">\n\t\t\t<div class=\"elementor-post__card\">\n\t\t\t\t<a class=\"elementor-post__thumbnail__link\" href=\"https:\/\/hansarotary.ee\/uusleht\/info\/klubi-projekt-tiivasirutus\/\" tabindex=\"-1\" ><div class=\"elementor-post__thumbnail\"><img loading=\"lazy\" decoding=\"async\" width=\"768\" height=\"512\" src=\"https:\/\/hansarotary.ee\/uusleht\/wp-content\/uploads\/2024\/09\/DSC2193-768x512-1.jpg\" class=\"attachment-full size-full wp-image-2539\" alt=\"\" srcset=\"https:\/\/hansarotary.ee\/uusleht\/wp-content\/uploads\/2024\/09\/DSC2193-768x512-1.jpg 768w, https:\/\/hansarotary.ee\/uusleht\/wp-content\/uploads\/2024\/09\/DSC2193-768x512-1-300x200.jpg 300w\" sizes=\"(max-width: 768px) 100vw, 768px\" \/><\/div><\/a>\n\t\t\t\t<div class=\"elementor-post__badge\">Info<\/div>\n\t\t\t\t<div class=\"elementor-post__text\">\n\t\t\t\t<h3 class=\"elementor-post__title\">\n\t\t\t<a href=\"https:\/\/hansarotary.ee\/uusleht\/info\/klubi-projekt-tiivasirutus\/\" >\n\t\t\t\tKlubi projekt TIIVASIRUTUS\t\t\t<\/a>\n\t\t<\/h3>\n\t\t\t\t<div class=\"elementor-post__excerpt\">\n\t\t\t<p>2.septembril oli meil klubis k\u00fclaliseks Tartu Observatooriumi k\u00fclastuskeskuse juht Heli L\u00e4tt, kes on \u00fchtlasi ka teadusmaleva juht. \u00dcheskoos vaatasime tagasi selle suve teadusmalevale. Teadusmalevat korraldavad Tartu \u00dclikooli Tartu observatoorium ja ESERO Eesti koost\u00f6\u00f6s Tartu Hansa Rotary Klubiga. Meie ise oleme<\/p>\n\t\t<\/div>\n\t\t\n\t\t<a class=\"elementor-post__read-more\" href=\"https:\/\/hansarotary.ee\/uusleht\/info\/klubi-projekt-tiivasirutus\/\" aria-label=\"Read more about Klubi projekt TIIVASIRUTUS\" tabindex=\"-1\" >\n\t\t\tLoe edasi \u00bb\t\t<\/a>\n\n\t\t\t\t<\/div>\n\t\t\t\t<div class=\"elementor-post__meta-data\">\n\t\t\t\t\t<span class=\"elementor-post-date\">\n\t\t\t7. sept. 2024\t\t<\/span>\n\t\t\t\t<\/div>\n\t\t\t\t\t<\/div>\n\t\t<\/article>\n\t\t\t\t<article class=\"elementor-post elementor-grid-item post-2415 post type-post status-publish format-standard has-post-thumbnail hentry category-info\">\n\t\t\t<div class=\"elementor-post__card\">\n\t\t\t\t<a class=\"elementor-post__thumbnail__link\" href=\"https:\/\/hansarotary.ee\/uusleht\/info\/rotariaasta-avauritus-toimus-moostes\/\" tabindex=\"-1\" ><div class=\"elementor-post__thumbnail\"><img loading=\"lazy\" decoding=\"async\" width=\"800\" height=\"450\" src=\"https:\/\/hansarotary.ee\/uusleht\/wp-content\/uploads\/2024\/08\/Mooste-mois.jpg\" class=\"attachment-full size-full wp-image-2541\" alt=\"\" srcset=\"https:\/\/hansarotary.ee\/uusleht\/wp-content\/uploads\/2024\/08\/Mooste-mois.jpg 800w, https:\/\/hansarotary.ee\/uusleht\/wp-content\/uploads\/2024\/08\/Mooste-mois-300x169.jpg 300w, https:\/\/hansarotary.ee\/uusleht\/wp-content\/uploads\/2024\/08\/Mooste-mois-768x432.jpg 768w\" sizes=\"(max-width: 800px) 100vw, 800px\" \/><\/div><\/a>\n\t\t\t\t<div class=\"elementor-post__badge\">Info<\/div>\n\t\t\t\t<div class=\"elementor-post__text\">\n\t\t\t\t<h3 class=\"elementor-post__title\">\n\t\t\t<a href=\"https:\/\/hansarotary.ee\/uusleht\/info\/rotariaasta-avauritus-toimus-moostes\/\" >\n\t\t\t\tRotariaasta ava\u00fcritus toimus Moostes\t\t\t<\/a>\n\t\t<\/h3>\n\t\t\t\t<div class=\"elementor-post__excerpt\">\n\t\t\t<p>26. augustil toimus klubi hooaja ava\u00fcritus Mooste m\u00f5isas. Looduskaunis kohas asuv ajalooline hoone lisas s\u00fcndmusele pidulikkust.\u00a0 \u00a0Klubi president Ene Tannberg markeeris algava hooaja eesm\u00e4rgid ja olulisemad s\u00fcndmused. S\u00f5numid alanud Rotary-aastaks andis ka piirkonna kuberner Aune Past, kes on\u00a0 samuti Tartu<\/p>\n\t\t<\/div>\n\t\t\n\t\t<a class=\"elementor-post__read-more\" href=\"https:\/\/hansarotary.ee\/uusleht\/info\/rotariaasta-avauritus-toimus-moostes\/\" aria-label=\"Read more about Rotariaasta ava\u00fcritus toimus Moostes\" tabindex=\"-1\" >\n\t\t\tLoe edasi \u00bb\t\t<\/a>\n\n\t\t\t\t<\/div>\n\t\t\t\t<div class=\"elementor-post__meta-data\">\n\t\t\t\t\t<span class=\"elementor-post-date\">\n\t\t\t27. aug. 2024\t\t<\/span>\n\t\t\t\t<\/div>\n\t\t\t\t\t<\/div>\n\t\t<\/article>\n\t\t\t\t<article class=\"elementor-post elementor-grid-item post-2365 post type-post status-publish format-standard has-post-thumbnail hentry category-info\">\n\t\t\t<div class=\"elementor-post__card\">\n\t\t\t\t<a class=\"elementor-post__thumbnail__link\" href=\"https:\/\/hansarotary.ee\/uusleht\/info\/klubi-talvepaevad-ja-20-sunnipaev\/\" tabindex=\"-1\" ><div class=\"elementor-post__thumbnail\"><img loading=\"lazy\" decoding=\"async\" width=\"600\" height=\"840\" src=\"https:\/\/hansarotary.ee\/uusleht\/wp-content\/uploads\/2024\/01\/Kutse.jpg\" class=\"attachment-full size-full wp-image-2543\" alt=\"\" srcset=\"https:\/\/hansarotary.ee\/uusleht\/wp-content\/uploads\/2024\/01\/Kutse.jpg 600w, https:\/\/hansarotary.ee\/uusleht\/wp-content\/uploads\/2024\/01\/Kutse-214x300.jpg 214w\" sizes=\"(max-width: 600px) 100vw, 600px\" \/><\/div><\/a>\n\t\t\t\t<div class=\"elementor-post__badge\">Info<\/div>\n\t\t\t\t<div class=\"elementor-post__text\">\n\t\t\t\t<h3 class=\"elementor-post__title\">\n\t\t\t<a href=\"https:\/\/hansarotary.ee\/uusleht\/info\/klubi-talvepaevad-ja-20-sunnipaev\/\" >\n\t\t\t\tKlubi talvep\u00e4evad ja 20.s\u00fcnnip\u00e4ev 19.-21.01.2024\t\t\t<\/a>\n\t\t<\/h3>\n\t\t\t\t<div class=\"elementor-post__excerpt\">\n\t\t\t\t\t<\/div>\n\t\t\n\t\t<a class=\"elementor-post__read-more\" href=\"https:\/\/hansarotary.ee\/uusleht\/info\/klubi-talvepaevad-ja-20-sunnipaev\/\" aria-label=\"Read more about Klubi talvep\u00e4evad ja 20.s\u00fcnnip\u00e4ev 19.-21.01.2024\" tabindex=\"-1\" >\n\t\t\tLoe edasi \u00bb\t\t<\/a>\n\n\t\t\t\t<\/div>\n\t\t\t\t<div class=\"elementor-post__meta-data\">\n\t\t\t\t\t<span class=\"elementor-post-date\">\n\t\t\t9. jaan. 2024\t\t<\/span>\n\t\t\t\t<\/div>\n\t\t\t\t\t<\/div>\n\t\t<\/article>\n\t\t\t\t<article class=\"elementor-post elementor-grid-item post-2317 post type-post status-publish format-standard hentry category-info\">\n\t\t\t<div class=\"elementor-post__card\">\n\t\t\t\t<div class=\"elementor-post__text\">\n\t\t\t\t<h3 class=\"elementor-post__title\">\n\t\t\t<a href=\"https:\/\/hansarotary.ee\/uusleht\/info\/teadusmalev-2023-malevlase-keiu-pilgu-labi\/\" >\n\t\t\t\tTeadusmalev 2023 malevlase Keiu pilgu l\u00e4bi\t\t\t<\/a>\n\t\t<\/h3>\n\t\t\t\t<div class=\"elementor-post__excerpt\">\n\t\t\t<p>24.07-09.08.2023 toimus T\u00f5raveres Teadusmalev. Teadusmalevat korraldasid ESERO Eesti ja Tartu \u00dclikooli Tartu observatoorium koost\u00f6\u00f6s Tartu Hansa Rotary klubiga. Teadusmaleva video link, oma kogemust malevast j\u00e4\u00e4dvustas Keiu Vakmann https:\/\/youtu.be\/Lzi2NnsyY98?si=iIssjU06D5_4fW_h &nbsp; Rohkematest kosmosevaldkonna seiklustest osa saamiseks j\u00e4lgige kindlasti Keiu Vakmanni kanaliga seotud<\/p>\n\t\t<\/div>\n\t\t\n\t\t<a class=\"elementor-post__read-more\" href=\"https:\/\/hansarotary.ee\/uusleht\/info\/teadusmalev-2023-malevlase-keiu-pilgu-labi\/\" aria-label=\"Read more about Teadusmalev 2023 malevlase Keiu pilgu l\u00e4bi\" tabindex=\"-1\" >\n\t\t\tLoe edasi \u00bb\t\t<\/a>\n\n\t\t\t\t<\/div>\n\t\t\t\t<div class=\"elementor-post__meta-data\">\n\t\t\t\t\t<span class=\"elementor-post-date\">\n\t\t\t26. sept. 2023\t\t<\/span>\n\t\t\t\t<\/div>\n\t\t\t\t\t<\/div>\n\t\t<\/article>\n\t\t\t\t<article class=\"elementor-post elementor-grid-item post-2298 post type-post status-publish format-standard hentry category-info\">\n\t\t\t<div class=\"elementor-post__card\">\n\t\t\t\t<div class=\"elementor-post__text\">\n\t\t\t\t<h3 class=\"elementor-post__title\">\n\t\t\t<a href=\"https:\/\/hansarotary.ee\/uusleht\/info\/milena-stipendiaat-2012\/\" >\n\t\t\t\tMilena &#8211; stipendiaat 2012\t\t\t<\/a>\n\t\t<\/h3>\n\t\t\t\t<div class=\"elementor-post__excerpt\">\n\t\t\t<p>2012 andis klubi Milena Kaznat\u0161ejevale stipendiumi kunsti\u00f5pingutega seotud kulude katteks Kohtla-J\u00e4rve Kunstide Koolis. Milena v\u00f5itis 2012 aastal Euroopa Komisjoni poolt korraldatud joonistusv\u00f5istluse Eesti vooru. Milena kunsti\u00f5petaja on Olga Zarkova. Milena nime hakkab kandma \u00fcks Euroopa Galileo positsioneerimiss\u00fcsteemi satelliitidest. Fotol n\u00e4itus<\/p>\n\t\t<\/div>\n\t\t\n\t\t<a class=\"elementor-post__read-more\" href=\"https:\/\/hansarotary.ee\/uusleht\/info\/milena-stipendiaat-2012\/\" aria-label=\"Read more about Milena &#8211; stipendiaat 2012\" tabindex=\"-1\" >\n\t\t\tLoe edasi \u00bb\t\t<\/a>\n\n\t\t\t\t<\/div>\n\t\t\t\t<div class=\"elementor-post__meta-data\">\n\t\t\t\t\t<span class=\"elementor-post-date\">\n\t\t\t20. sept. 2023\t\t<\/span>\n\t\t\t\t<\/div>\n\t\t\t\t\t<\/div>\n\t\t<\/article>\n\t\t\t\t<article class=\"elementor-post elementor-grid-item post-2289 post type-post status-publish format-standard hentry category-info\">\n\t\t\t<div class=\"elementor-post__card\">\n\t\t\t\t<div class=\"elementor-post__text\">\n\t\t\t\t<h3 class=\"elementor-post__title\">\n\t\t\t<a href=\"https:\/\/hansarotary.ee\/uusleht\/info\/2023-2024-rotary-aasta-avauritus-28-08-juula-moisas\/\" >\n\t\t\t\t2023-2024 rotary-aasta ava\u00fcritus 28.08. Juula m\u00f5isas\t\t\t<\/a>\n\t\t<\/h3>\n\t\t\t\t<div class=\"elementor-post__excerpt\">\n\t\t\t<p>President Tiina Grauber avas\u00f5nad: \u201eMa tulen Saaremaalt presidentide \u00fcmarlaualt ja olen t\u00e4is indu ning Rotary pauerit. Ammutasin uusi teadmisi, leidsin uusi s\u00f5pru ja kohtusin juba heade tuttavate rotariaanidega. Seda energiat toon ma meie tegemistesse! Meil on tulemas juubeliaasta ja me<\/p>\n\t\t<\/div>\n\t\t\n\t\t<a class=\"elementor-post__read-more\" href=\"https:\/\/hansarotary.ee\/uusleht\/info\/2023-2024-rotary-aasta-avauritus-28-08-juula-moisas\/\" aria-label=\"Read more about 2023-2024 rotary-aasta ava\u00fcritus 28.08. Juula m\u00f5isas\" tabindex=\"-1\" >\n\t\t\tLoe edasi \u00bb\t\t<\/a>\n\n\t\t\t\t<\/div>\n\t\t\t\t<div class=\"elementor-post__meta-data\">\n\t\t\t\t\t<span class=\"elementor-post-date\">\n\t\t\t20. sept. 2023\t\t<\/span>\n\t\t\t\t<\/div>\n\t\t\t\t\t<\/div>\n\t\t<\/article>\n\t\t\t\t<\/div>\n\t\t\t\t\t<span class=\"e-load-more-spinner\">\n\t\t\t\t<svg aria-hidden=\"true\" class=\"e-font-icon-svg e-fas-spinner\" viewBox=\"0 0 512 512\" xmlns=\"http:\/\/www.w3.org\/2000\/svg\"><path d=\"M304 48c0 26.51-21.49 48-48 48s-48-21.49-48-48 21.49-48 48-48 48 21.49 48 48zm-48 368c-26.51 0-48 21.49-48 48s21.49 48 48 48 48-21.49 48-48-21.49-48-48-48zm208-208c-26.51 0-48 21.49-48 48s21.49 48 48 48 48-21.49 48-48-21.49-48-48-48zM96 256c0-26.51-21.49-48-48-48S0 229.49 0 256s21.49 48 48 48 48-21.49 48-48zm12.922 99.078c-26.51 0-48 21.49-48 48s21.49 48 48 48 48-21.49 48-48c0-26.509-21.491-48-48-48zm294.156 0c-26.51 0-48 21.49-48 48s21.49 48 48 48 48-21.49 48-48c0-26.509-21.49-48-48-48zM108.922 60.922c-26.51 0-48 21.49-48 48s21.49 48 48 48 48-21.49 48-48-21.491-48-48-48z\"><\/path><\/svg>\t\t\t<\/span>\n\t\t\n\t\t\t\t<div class=\"e-load-more-anchor\" data-page=\"1\" data-max-page=\"9\" data-next-page=\"https:\/\/hansarotary.ee\/uusleht\/wp-json\/wp\/v2\/pages\/2490\/page\/2\/\"><\/div>\n\t\t\t\t<div class=\"e-load-more-message\"><\/div>\n\t\t\t\t\t\t<\/div>\n\t\t\t\t<\/div>\n\t\t\t\t<\/div>\n\t\t\t\t\t<\/div>\n\t\t\t\t<\/div>\n\t\t\t\t<\/div>\n\t\t","protected":false},"excerpt":{"rendered":"","protected":false},"author":2,"featured_media":0,"parent":0,"menu_order":0,"comment_status":"closed","ping_status":"closed","template":"","meta":{"footnotes":""},"class_list":["post-2490","page","type-page","status-publish","hentry"],"_links":{"self":[{"href":"https:\/\/hansarotary.ee\/uusleht\/wp-json\/wp\/v2\/pages\/2490","targetHints":{"allow":["GET"]}}],"collection":[{"href":"https:\/\/hansarotary.ee\/uusleht\/wp-json\/wp\/v2\/pages"}],"about":[{"href":"https:\/\/hansarotary.ee\/uusleht\/wp-json\/wp\/v2\/types\/page"}],"author":[{"embeddable":true,"href":"https:\/\/hansarotary.ee\/uusleht\/wp-json\/wp\/v2\/users\/2"}],"replies":[{"embeddable":true,"href":"https:\/\/hansarotary.ee\/uusleht\/wp-json\/wp\/v2\/comments?post=2490"}],"version-history":[{"count":34,"href":"https:\/\/hansarotary.ee\/uusleht\/wp-json\/wp\/v2\/pages\/2490\/revisions"}],"predecessor-version":[{"id":2536,"href":"https:\/\/hansarotary.ee\/uusleht\/wp-json\/wp\/v2\/pages\/2490\/revisions\/2536"}],"wp:attachment":[{"href":"https:\/\/hansarotary.ee\/uusleht\/wp-json\/wp\/v2\/media?parent=2490"}],"curies":[{"name":"wp","href":"https:\/\/api.w.org\/{rel}","templated":true}]}}