{"id":335,"date":"2024-10-23T13:42:37","date_gmt":"2024-10-23T10:42:37","guid":{"rendered":"https:\/\/hansarotary.ee\/uusleht\/?page_id=335"},"modified":"2025-01-28T14:15:24","modified_gmt":"2025-01-28T12:15:24","slug":"teadusmalev","status":"publish","type":"page","link":"https:\/\/hansarotary.ee\/uusleht\/teadusmalev\/","title":{"rendered":"Teadusmalev"},"content":{"rendered":"\t\t<div data-elementor-type=\"wp-page\" data-elementor-id=\"335\" class=\"elementor elementor-335\" data-elementor-post-type=\"page\">\n\t\t\t\t<div class=\"elementor-element elementor-element-170be394 e-flex e-con-boxed e-con e-parent\" data-id=\"170be394\" data-element_type=\"container\" data-e-type=\"container\">\n\t\t\t\t\t<div class=\"e-con-inner\">\n\t\t\t\t<div class=\"elementor-element elementor-element-67ceda06 elementor-widget elementor-widget-heading\" data-id=\"67ceda06\" data-element_type=\"widget\" data-e-type=\"widget\" data-widget_type=\"heading.default\">\n\t\t\t\t<div class=\"elementor-widget-container\">\n\t\t\t\t\t<h1 class=\"elementor-heading-title elementor-size-default\">Teadusmalev<\/h1>\t\t\t\t<\/div>\n\t\t\t\t<\/div>\n\t\t\t\t\t<\/div>\n\t\t\t\t<\/div>\n\t\t<div class=\"elementor-element elementor-element-43005384 e-flex e-con-boxed e-con e-parent\" data-id=\"43005384\" data-element_type=\"container\" data-e-type=\"container\">\n\t\t\t\t\t<div class=\"e-con-inner\">\n\t\t\t\t<div class=\"elementor-element elementor-element-d123dd4 elementor-widget elementor-widget-text-editor\" data-id=\"d123dd4\" data-element_type=\"widget\" data-e-type=\"widget\" data-widget_type=\"text-editor.default\">\n\t\t\t\t<div class=\"elementor-widget-container\">\n\t\t\t\t\t\t\t\t\t<p><strong>Tartu Hansa Rotary klubi<\/strong>\u00a0on 2011-2023 v\u00e4lja andnud stipendiumeid<strong>\u00a076 350<\/strong>\u00a0<strong>eurot.<\/strong><\/p><p>2006-2010 m\u00e4\u00e4rati stipendiumeid summas\u00a0<strong>108 000 eesti krooni<\/strong>\u00a0(ca 7000 eurot).<\/p><p><strong>Teadusmalev 2023<\/strong><\/p><p>1.Kert Vahtre<\/p><p>2.Martin Pukk<\/p><p>3.Uku Nael<\/p><p>4.Keiu Vakmann<\/p><p>5. Oliver Mihkel Mertelsmann<\/p><p>6.Annette Bogdanov<\/p><p>7.Tobias Salla<\/p><p>8.Elise Lota V\u00e4lba<\/p><p>9.Taavet Siimon<\/p><p>10.Eliise Siimon<\/p><p>11.Kaarel Toomet<\/p><p>12.Uku Sarap<\/p><p>13.Miina Loore Kask<\/p><p>14.Jegor Novosjolov<\/p><p>15.Artur Andreson<\/p><p>Kokku stipendiumeid 3750 eur.<\/p><p><strong>Teadusmalev 2022<\/strong><\/p><p>1 Kaisa Talts\u00a0<\/p><p>2 Raian Kleemann\u00a0<\/p><p>3 Teele Tempel\u00a0<\/p><p>4 Laura-Liisa Kiis\u00a0<\/p><p>5 Kristo Tammeleht\u00a0<\/p><p>6 Stefan Saks\u00a0<\/p><p>7 Mark Vilbiks\u00a0<\/p><p>8 Kristofer Andres\u00a0<\/p><p>9 Silver Nikkel<\/p><p>10 Aleksander Marsh\u00a0<\/p><p>11 Monika Siim\u00a0<\/p><p>12 Geteli Hanni\u00a0<\/p><p>13 Katarina Aas\u00a0<\/p><p>14 Thor Andreas Laan\u00a0<\/p><p>Kokku stipendiumeid 3750 eur.<\/p><p>\u00a0<\/p><p><strong>2020<\/strong>\u00a0oli klubi stipendiaat Klassikat\u00e4ht \u2013 Helin Allik 2000 eur.<\/p><div><strong>2020<\/strong>\u00a0said stipendiumid Vikipeediast Liina Kahu, Mariin Pantelejev, Eve Sooneste kokku 2000 eur.<\/div><h1 class=\"art-postheader entry-title\"><a href=\"https:\/\/hansarotary.ee\/uusleht\/science-task-force-in-toravere\/\" target=\"_blank\" rel=\"noopener\"><strong>Science Task Force in T\u00f5ravere<\/strong><\/a><\/h1><div class=\"art-postcontent clearfix\"><p><strong>Teadusmalev 2019<\/strong><\/p><p><strong>VIII Teadusmaleva stipendiaadid:<\/strong><\/p><p>Aksel Bulavs, Tartu Jaan Poska G\u00fcmnaasium, 12. klass<\/p><p>Kristi Koitla, Gustav Adolfi G\u00fcmnaasium, 11. klass<\/p><p>Mats Lepp, Tartu Jaan Poska G\u00fcmnaasium, 10. klass<\/p><p>Angelo Raoul Lombardo, R\u00e4pina \u00dchisg\u00fcmnaasium, 9. klass<\/p><p>Artur Salum\u00e4e, Gustav Adolfi G\u00fcmnaasium, 11. klass<\/p><p><strong>Teadusmalev 2018<\/strong><\/p><p><strong>VII Teadusmaleva stipendiaadid<\/strong><\/p><p class=\"x_MsoNormal\">Adrian Kirikal, Tallinna Reaalkool, l\u00e4heb Delfti, 12 kl<\/p><p class=\"x_MsoNormal\">Leonid Zinatullin, Hugo Treffneri G\u00fcmnaasium, 10 kl<\/p><p class=\"x_MsoNormal\">Nikita Poljakov,\u00a0Tallinna Reaalkool, 12 kl<\/p><p class=\"x_MsoNormal\">Silvia Hiie Aabloo, Hugo Treffneri G\u00fcmnaasium, 12 kl<\/p><p class=\"x_MsoNormal\">(Milremi stipendium) Kadi Siigur,\u00a0 Hugo Treffneri G\u00fcmnaasium, 10 kl<\/p><p>Valikukomisjon (Anu Reinart, Viire Sepp, Mart Noorma) valis 15 kandidaadi seast viis, nagu igal aastal. Tartu Hansa ja Tartu Toome Rotary\u00a0 klubi stipendium on vajalik neljale esimesele allpool nimekirjast. Rakett 69 selle aasta v\u00f5itja Kadi Siigur osaleb Teadusmalevas AS Milrem poolt v\u00e4lja pandud stipendiumiga.<\/p><p>Teadusmaleva avamine\u00a0T\u00f5raveres 2.07.2018 kell 10.<\/p><p><strong>Teadusmalev 2017<\/strong><\/p><p>uudis lingil https:\/\/to.ee\/est\/konkursid\/teadusmalev_2017<\/p><p>VI Teadusmaleva stipendiaadid:<br \/>Albert Koppelmaa,<br \/>Daniil Lepkin,<br \/>Frida Laigu,<br \/>Karin Kruuse,<br \/>Annika Jaakson,<\/p><p><strong>Teadusmalev 2016<\/strong><\/p><p>uudis lingil https:\/\/www.teaduskool.ut.ee\/et\/uudised\/suvine-teadusmalev-ootab-osalema<br \/>https:\/\/www.to.ee\/est\/uudised\/uudiste_arhiiv\/eFJlMjM3MTZz\/teadusmalev_tartu_observatooriumis_ka_suvel_2016_<br \/>https:\/\/www.to.ee\/est\/uudised\/uudiste_arhiiv\/eFJlMjU1ODZz\/teadusmalev_tartu_observatooriumis_alustab_<\/p><p><strong>V Teadusmaleva stipendiaadid:<\/strong><\/p><p>Frida Laigu Gustav Adolfi G\u00fcmnaasium 11.\/12. klass<br \/>Hanna Britt Soots Tallinna Reaalkool, 12. klass<br \/>Daniil Lepkin Tallinna \u00d5ism\u00e4e Vene L\u00fctseum 10.A<br \/>Mathias Plans Jaan Poska G\u00fcmnaasium 10.c<br \/>Knuth Helekivi Tartu Mart Reiniku Kool 9.B<\/p><p><strong>Teadusmalev 2015<\/strong><br \/>uudis lingil<br \/>https:\/\/www.to.ee\/est\/uudised\/uudiste_arhiiv\/eFJlMTg2OTZz\/kandideerimine_teadusmalevasse<br \/>https:\/\/www.to.ee\/est\/uudised\/uudiste_arhiiv\/eFJlMTgzODZz\/teadusmalev_2015_t_otilde_raveres<br \/>https:\/\/www.to.ee\/est\/uudised\/uudiste_arhiiv\/eFJlMTg3MDZz\/teadusmaleva_noored_ehitavad_uue_katseseadme_estcube_2_arendamiseks<\/p><p><strong>IV Teadusmaleva stipendiaadid:<\/strong><\/p><p>Teadusmaleva vanem oli 2015. aastal Karl Reinkubjas (Tartu \u00dclikool).<br \/>Anni Kassikov,<br \/>Carel Kuusk,<br \/>Daniil Lepkin,<br \/>Eigo Varem\u00e4e,<br \/>Eva-Maria T\u00f5nson,<\/p><p>Linke ja uudiseid:<br \/>http:\/\/et.wikipedia.org\/wiki\/Teadusmalev<br \/>http:\/\/www.hansarotary.ee\/uudis\/tartu-hansa-rotary-klubi-teadusmalev-2015\/<br \/>http:\/\/novaator.err.ee\/v\/teaduselu\/42b00f7b-adab-4a14-af54-993e6aaf18a9\/teadusmalev-andekad-teadushuvilised-noored-ehitavad-helmholtzi-puuri-<br \/>http:\/\/tartu.postimees.ee\/3255645\/teadusmalevas-sirguvad-tulevikutahed<\/p><\/div>\t\t\t\t\t\t\t\t<\/div>\n\t\t\t\t<\/div>\n\t\t\t\t\t<\/div>\n\t\t\t\t<\/div>\n\t\t\t\t<\/div>\n\t\t","protected":false},"excerpt":{"rendered":"<p>Tartu Hansa Rotary klubi\u00a0on 2011-2023 v\u00e4lja andnud stipendiumeid\u00a076 350\u00a0eurot. 2006-2010 m\u00e4\u00e4rati stipendiumeid summas\u00a0108 000 eesti krooni\u00a0(ca 7000 eurot). Teadusmalev 2023 1.Kert Vahtre 2.Martin Pukk 3.Uku Nael 4.Keiu Vakmann 5. Oliver Mihkel Mertelsmann 6.Annette Bogdanov 7.Tobias Salla 8.Elise Lota V\u00e4lba 9.Taavet Siimon 10.Eliise Siimon 11.Kaarel Toomet 12.Uku Sarap 13.Miina Loore Kask 14.Jegor Novosjolov 15.Artur Andreson Kokku [&hellip;]<\/p>\n","protected":false},"author":1,"featured_media":0,"parent":0,"menu_order":0,"comment_status":"closed","ping_status":"closed","template":"","meta":{"footnotes":""},"class_list":["post-335","page","type-page","status-publish","hentry"],"_links":{"self":[{"href":"https:\/\/hansarotary.ee\/uusleht\/wp-json\/wp\/v2\/pages\/335","targetHints":{"allow":["GET"]}}],"collection":[{"href":"https:\/\/hansarotary.ee\/uusleht\/wp-json\/wp\/v2\/pages"}],"about":[{"href":"https:\/\/hansarotary.ee\/uusleht\/wp-json\/wp\/v2\/types\/page"}],"author":[{"embeddable":true,"href":"https:\/\/hansarotary.ee\/uusleht\/wp-json\/wp\/v2\/users\/1"}],"replies":[{"embeddable":true,"href":"https:\/\/hansarotary.ee\/uusleht\/wp-json\/wp\/v2\/comments?post=335"}],"version-history":[{"count":9,"href":"https:\/\/hansarotary.ee\/uusleht\/wp-json\/wp\/v2\/pages\/335\/revisions"}],"predecessor-version":[{"id":2573,"href":"https:\/\/hansarotary.ee\/uusleht\/wp-json\/wp\/v2\/pages\/335\/revisions\/2573"}],"wp:attachment":[{"href":"https:\/\/hansarotary.ee\/uusleht\/wp-json\/wp\/v2\/media?parent=335"}],"curies":[{"name":"wp","href":"https:\/\/api.w.org\/{rel}","templated":true}]}}