{"id":347,"date":"2024-10-23T13:48:01","date_gmt":"2024-10-23T10:48:01","guid":{"rendered":"https:\/\/hansarotary.ee\/uusleht\/?page_id=347"},"modified":"2024-10-23T13:58:48","modified_gmt":"2024-10-23T10:58:48","slug":"noorsoovahetus","status":"publish","type":"page","link":"https:\/\/hansarotary.ee\/uusleht\/noorsoovahetus\/","title":{"rendered":"Noorsoovahetus"},"content":{"rendered":"\t\t<div data-elementor-type=\"wp-page\" data-elementor-id=\"347\" class=\"elementor elementor-347\" data-elementor-post-type=\"page\">\n\t\t\t\t<div class=\"elementor-element elementor-element-1d405667 e-flex e-con-boxed e-con e-parent\" data-id=\"1d405667\" data-element_type=\"container\" data-e-type=\"container\">\n\t\t\t\t\t<div class=\"e-con-inner\">\n\t\t\t\t<div class=\"elementor-element elementor-element-53bf2f12 elementor-widget elementor-widget-heading\" data-id=\"53bf2f12\" data-element_type=\"widget\" data-e-type=\"widget\" data-widget_type=\"heading.default\">\n\t\t\t\t<div class=\"elementor-widget-container\">\n\t\t\t\t\t<h1 class=\"elementor-heading-title elementor-size-default\">Noorsoovahetus<\/h1>\t\t\t\t<\/div>\n\t\t\t\t<\/div>\n\t\t\t\t\t<\/div>\n\t\t\t\t<\/div>\n\t\t<div class=\"elementor-element elementor-element-45250293 e-grid e-con-boxed e-con e-parent\" data-id=\"45250293\" data-element_type=\"container\" data-e-type=\"container\">\n\t\t\t\t\t<div class=\"e-con-inner\">\n\t\t\t\t<div class=\"elementor-element elementor-element-7281011 elementor-widget__width-initial elementor-widget elementor-widget-text-editor\" data-id=\"7281011\" data-element_type=\"widget\" data-e-type=\"widget\" data-widget_type=\"text-editor.default\">\n\t\t\t\t<div class=\"elementor-widget-container\">\n\t\t\t\t\t\t\t\t\t<p><strong>2018<\/strong><\/p><p><span id=\"fbPhotoSnowliftCaption\" class=\"fbPhotosPhotoCaption\" tabindex=\"0\" aria-live=\"polite\" data-ft=\"{&quot;tn&quot;:&quot;K&quot;}\"><span class=\"hasCaption\">11. augustil 2018 saabus meie vahetus\u00f5pilane Bruno Frederick Villeneuve Kanadast.<\/span><\/span><\/p><p>Pildil (paremal) on Bruno Hille t\u00fctre Hannaleenaga Tallinna sadamas.<\/p>\t\t\t\t\t\t\t\t<\/div>\n\t\t\t\t<\/div>\n\t\t\t\t<div class=\"elementor-element elementor-element-b7bc31f elementor-widget elementor-widget-image\" data-id=\"b7bc31f\" data-element_type=\"widget\" data-e-type=\"widget\" data-widget_type=\"image.default\">\n\t\t\t\t<div class=\"elementor-widget-container\">\n\t\t\t\t\t\t\t\t\t\t\t\t\t\t\t\t<a href=\"https:\/\/hansarotary.ee\/uusleht\/wp-content\/uploads\/2024\/10\/Bruno_2018.jpg\" data-elementor-open-lightbox=\"yes\" data-elementor-lightbox-title=\"Bruno_2018\" data-e-action-hash=\"#elementor-action%3Aaction%3Dlightbox%26settings%3DeyJpZCI6MzQ4LCJ1cmwiOiJodHRwczpcL1wvaGFuc2Fyb3RhcnkuZWVcL3V1c2xlaHRcL3dwLWNvbnRlbnRcL3VwbG9hZHNcLzIwMjRcLzEwXC9CcnVub18yMDE4LmpwZyJ9\">\n\t\t\t\t\t\t\t<img fetchpriority=\"high\" decoding=\"async\" width=\"720\" height=\"840\" src=\"https:\/\/hansarotary.ee\/uusleht\/wp-content\/uploads\/2024\/10\/Bruno_2018.jpg\" class=\"attachment-medium_large size-medium_large wp-image-348\" alt=\"\" srcset=\"https:\/\/hansarotary.ee\/uusleht\/wp-content\/uploads\/2024\/10\/Bruno_2018.jpg 720w, https:\/\/hansarotary.ee\/uusleht\/wp-content\/uploads\/2024\/10\/Bruno_2018-257x300.jpg 257w\" sizes=\"(max-width: 720px) 100vw, 720px\" \/>\t\t\t\t\t\t\t\t<\/a>\n\t\t\t\t\t\t\t\t\t\t\t\t\t\t\t<\/div>\n\t\t\t\t<\/div>\n\t\t\t\t\t<\/div>\n\t\t\t\t<\/div>\n\t\t<div class=\"elementor-element elementor-element-d9bf4ad e-flex e-con-boxed e-con e-parent\" data-id=\"d9bf4ad\" data-element_type=\"container\" data-e-type=\"container\">\n\t\t\t\t\t<div class=\"e-con-inner\">\n\t\t<div class=\"elementor-element elementor-element-5f0c0a3 e-grid e-con-boxed e-con e-child\" data-id=\"5f0c0a3\" data-element_type=\"container\" data-e-type=\"container\">\n\t\t\t\t\t<div class=\"e-con-inner\">\n\t\t\t\t<div class=\"elementor-element elementor-element-4207c5d elementor-widget elementor-widget-text-editor\" data-id=\"4207c5d\" data-element_type=\"widget\" data-e-type=\"widget\" data-widget_type=\"text-editor.default\">\n\t\t\t\t<div class=\"elementor-widget-container\">\n\t\t\t\t\t\t\t\t\t<p>Tartu Hansa klubi poolt l\u00e4heb aastavahetusse Kanadasse Anel Neumann.<br \/>Teda v\u00f5\u00f5rustab Rotary Club Burlington Central ja ta elab neljas erinevas peres.<\/p><p>Fotol (paremal) on Anel ja tema pere Tallinna lennuv\u00e4ljal 18.augustil.<br \/>Anel peab ka blogi https:\/\/kanadasse.wordpress.com\/<\/p>\t\t\t\t\t\t\t\t<\/div>\n\t\t\t\t<\/div>\n\t\t\t\t<div class=\"elementor-element elementor-element-c1aa3bd elementor-widget elementor-widget-image\" data-id=\"c1aa3bd\" data-element_type=\"widget\" data-e-type=\"widget\" data-widget_type=\"image.default\">\n\t\t\t\t<div class=\"elementor-widget-container\">\n\t\t\t\t\t\t\t\t\t\t\t\t\t\t\t\t<a href=\"https:\/\/hansarotary.ee\/uusleht\/wp-content\/uploads\/2024\/10\/Anel_Neumann_2018.jpg\" data-elementor-open-lightbox=\"yes\" data-elementor-lightbox-title=\"Anel_Neumann_2018\" data-e-action-hash=\"#elementor-action%3Aaction%3Dlightbox%26settings%3DeyJpZCI6MzQ5LCJ1cmwiOiJodHRwczpcL1wvaGFuc2Fyb3RhcnkuZWVcL3V1c2xlaHRcL3dwLWNvbnRlbnRcL3VwbG9hZHNcLzIwMjRcLzEwXC9BbmVsX05ldW1hbm5fMjAxOC5qcGcifQ%3D%3D\">\n\t\t\t\t\t\t\t<img decoding=\"async\" width=\"640\" height=\"480\" src=\"https:\/\/hansarotary.ee\/uusleht\/wp-content\/uploads\/2024\/10\/Anel_Neumann_2018.jpg\" class=\"attachment-large size-large wp-image-349\" alt=\"\" srcset=\"https:\/\/hansarotary.ee\/uusleht\/wp-content\/uploads\/2024\/10\/Anel_Neumann_2018.jpg 640w, https:\/\/hansarotary.ee\/uusleht\/wp-content\/uploads\/2024\/10\/Anel_Neumann_2018-300x225.jpg 300w\" sizes=\"(max-width: 640px) 100vw, 640px\" \/>\t\t\t\t\t\t\t\t<\/a>\n\t\t\t\t\t\t\t\t\t\t\t\t\t\t\t<\/div>\n\t\t\t\t<\/div>\n\t\t\t\t\t<\/div>\n\t\t\t\t<\/div>\n\t\t\t\t\t<\/div>\n\t\t\t\t<\/div>\n\t\t\t\t<\/div>\n\t\t","protected":false},"excerpt":{"rendered":"<p>2018 11. augustil 2018 saabus meie vahetus\u00f5pilane Bruno Frederick Villeneuve Kanadast. Pildil (paremal) on Bruno Hille t\u00fctre Hannaleenaga Tallinna sadamas. Tartu Hansa klubi poolt l\u00e4heb aastavahetusse Kanadasse Anel Neumann.Teda v\u00f5\u00f5rustab Rotary Club Burlington Central ja ta elab neljas erinevas peres. Fotol (paremal) on Anel ja tema pere Tallinna lennuv\u00e4ljal 18.augustil.Anel peab ka blogi https:\/\/kanadasse.wordpress.com\/<\/p>\n","protected":false},"author":1,"featured_media":0,"parent":0,"menu_order":0,"comment_status":"closed","ping_status":"closed","template":"","meta":{"footnotes":""},"class_list":["post-347","page","type-page","status-publish","hentry"],"_links":{"self":[{"href":"https:\/\/hansarotary.ee\/uusleht\/wp-json\/wp\/v2\/pages\/347","targetHints":{"allow":["GET"]}}],"collection":[{"href":"https:\/\/hansarotary.ee\/uusleht\/wp-json\/wp\/v2\/pages"}],"about":[{"href":"https:\/\/hansarotary.ee\/uusleht\/wp-json\/wp\/v2\/types\/page"}],"author":[{"embeddable":true,"href":"https:\/\/hansarotary.ee\/uusleht\/wp-json\/wp\/v2\/users\/1"}],"replies":[{"embeddable":true,"href":"https:\/\/hansarotary.ee\/uusleht\/wp-json\/wp\/v2\/comments?post=347"}],"version-history":[{"count":15,"href":"https:\/\/hansarotary.ee\/uusleht\/wp-json\/wp\/v2\/pages\/347\/revisions"}],"predecessor-version":[{"id":365,"href":"https:\/\/hansarotary.ee\/uusleht\/wp-json\/wp\/v2\/pages\/347\/revisions\/365"}],"wp:attachment":[{"href":"https:\/\/hansarotary.ee\/uusleht\/wp-json\/wp\/v2\/media?parent=347"}],"curies":[{"name":"wp","href":"https:\/\/api.w.org\/{rel}","templated":true}]}}