{"id":76,"date":"2024-10-21T15:47:56","date_gmt":"2024-10-21T12:47:56","guid":{"rendered":"https:\/\/hansarotary.ee\/uusleht\/home\/"},"modified":"2025-01-27T14:55:34","modified_gmt":"2025-01-27T12:55:34","slug":"home","status":"publish","type":"page","link":"https:\/\/hansarotary.ee\/uusleht\/","title":{"rendered":"Tartu Hansa Rotary klubi"},"content":{"rendered":"\t\t<div data-elementor-type=\"wp-page\" data-elementor-id=\"76\" class=\"elementor elementor-76\" data-elementor-post-type=\"page\">\n\t\t\t\t<div class=\"elementor-element elementor-element-da0338e e-flex e-con-boxed e-con e-parent\" data-id=\"da0338e\" data-element_type=\"container\" data-e-type=\"container\">\n\t\t\t\t\t<div class=\"e-con-inner\">\n\t\t<div class=\"elementor-element elementor-element-9ac57b9 e-con-full e-flex e-con e-child\" data-id=\"9ac57b9\" data-element_type=\"container\" data-e-type=\"container\">\n\t\t\t\t<div class=\"elementor-element elementor-element-d053132 elementor-widget elementor-widget-image\" data-id=\"d053132\" data-element_type=\"widget\" data-e-type=\"widget\" data-widget_type=\"image.default\">\n\t\t\t\t<div class=\"elementor-widget-container\">\n\t\t\t\t\t\t\t\t\t\t\t\t\t\t\t<img fetchpriority=\"high\" decoding=\"async\" width=\"2000\" height=\"911\" src=\"https:\/\/hansarotary.ee\/uusleht\/wp-content\/uploads\/2025\/01\/Hansa-Rotary.jpg\" class=\"attachment-full size-full wp-image-721\" alt=\"\" srcset=\"https:\/\/hansarotary.ee\/uusleht\/wp-content\/uploads\/2025\/01\/Hansa-Rotary.jpg 2000w, https:\/\/hansarotary.ee\/uusleht\/wp-content\/uploads\/2025\/01\/Hansa-Rotary-300x137.jpg 300w, https:\/\/hansarotary.ee\/uusleht\/wp-content\/uploads\/2025\/01\/Hansa-Rotary-1024x466.jpg 1024w, https:\/\/hansarotary.ee\/uusleht\/wp-content\/uploads\/2025\/01\/Hansa-Rotary-768x350.jpg 768w, https:\/\/hansarotary.ee\/uusleht\/wp-content\/uploads\/2025\/01\/Hansa-Rotary-1536x700.jpg 1536w\" sizes=\"(max-width: 2000px) 100vw, 2000px\" \/>\t\t\t\t\t\t\t\t\t\t\t\t\t\t\t<\/div>\n\t\t\t\t<\/div>\n\t\t\t\t<\/div>\n\t\t<div class=\"elementor-element elementor-element-5a991bb e-con-full e-flex e-con e-child\" data-id=\"5a991bb\" data-element_type=\"container\" data-e-type=\"container\">\n\t\t<div class=\"elementor-element elementor-element-791ca52 e-con-full e-flex e-con e-child\" data-id=\"791ca52\" data-element_type=\"container\" data-e-type=\"container\">\n\t\t\t\t<div class=\"elementor-element elementor-element-45d4816 elementor-widget__width-initial elementor-widget elementor-widget-text-editor\" data-id=\"45d4816\" data-element_type=\"widget\" data-e-type=\"widget\" data-widget_type=\"text-editor.default\">\n\t\t\t\t<div class=\"elementor-widget-container\">\n\t\t\t\t\t\t\t\t\t<div>2024-2025 Rotary-aasta tunnuslause \u201cThe Magic of Rotary\u201d viitab, et Rotary-liikumises on maagiat, mis liidab inimesi, kes teenivad \u00fchiskonda.<\/div><div>Mis on need \u00fchiskonna valupunktid, kus Rotary saab aidata? Meie klubi eesm\u00e4rk on toetada teadusandekaid noori Tiivasirutuse programmi kaudu. Andekad noored on need, kes oma andeid, loovust ja t\u00f6\u00f6kust suunavad tulevikus maailma paremaks muutmiseks meie k\u00f5igi jaoks.<\/div><div>\u00a0<\/div><div>\u00dchiskonna teenimiseks on oluline ka iseenda arendamine, \u00fcksteise m\u00e4rkamine ja toetamine. Keegi ei tohiks j\u00e4\u00e4da \u00fcksi ja koost\u00f6\u00f6s, kaasates k\u00f5iki klubi liikmeid suudame oma eesm\u00e4rkideni paremini j\u00f5uda.<\/div><div>\u00a0<\/div><div>Meie klubile on 2024-2025 hooaeg m\u00e4rgiline: oleme kuberneri klubi, meil on vastutus kubernerist klubi\u00f5de tema \u00fchiskondlikus ametis igati toetada ja aidata. Me oleme uhked, et oleme kuberneri klubi!<\/div><div>Mind k\u00f5netab \u00fche rotariaani \u00f6eldud m\u00f5te tuntud k\u00e4ibefraasi kohta, et \u00e4ra anna kala, vaid anna \u00f5ng, siis rotarys organiseeritakse \u00f5nge andmine.<\/div><div>\u00a0<\/div><div>Maagilist Rotary-aastat!<\/div><div>\u00a0<\/div><p>Ene Tannberg<br \/>President 2024 \u2013 2025<\/p>\t\t\t\t\t\t\t\t<\/div>\n\t\t\t\t<\/div>\n\t\t\t\t<\/div>\n\t\t<div class=\"elementor-element elementor-element-af3704f e-con-full e-flex e-con e-child\" data-id=\"af3704f\" data-element_type=\"container\" data-e-type=\"container\">\n\t\t\t\t<div class=\"elementor-element elementor-element-9174e0a elementor-widget elementor-widget-image\" data-id=\"9174e0a\" data-element_type=\"widget\" data-e-type=\"widget\" data-widget_type=\"image.default\">\n\t\t\t\t<div class=\"elementor-widget-container\">\n\t\t\t\t\t\t\t\t\t\t\t\t\t\t\t<img decoding=\"async\" width=\"1812\" height=\"2560\" src=\"https:\/\/hansarotary.ee\/uusleht\/wp-content\/uploads\/2024\/10\/Ene-Tannberg.jpg\" class=\"attachment-full size-full wp-image-147\" alt=\"\" srcset=\"https:\/\/hansarotary.ee\/uusleht\/wp-content\/uploads\/2024\/10\/Ene-Tannberg.jpg 1812w, https:\/\/hansarotary.ee\/uusleht\/wp-content\/uploads\/2024\/10\/Ene-Tannberg-212x300.jpg 212w, https:\/\/hansarotary.ee\/uusleht\/wp-content\/uploads\/2024\/10\/Ene-Tannberg-725x1024.jpg 725w, https:\/\/hansarotary.ee\/uusleht\/wp-content\/uploads\/2024\/10\/Ene-Tannberg-768x1085.jpg 768w, https:\/\/hansarotary.ee\/uusleht\/wp-content\/uploads\/2024\/10\/Ene-Tannberg-1087x1536.jpg 1087w, https:\/\/hansarotary.ee\/uusleht\/wp-content\/uploads\/2024\/10\/Ene-Tannberg-1450x2048.jpg 1450w\" sizes=\"(max-width: 1812px) 100vw, 1812px\" \/>\t\t\t\t\t\t\t\t\t\t\t\t\t\t\t<\/div>\n\t\t\t\t<\/div>\n\t\t\t\t<div class=\"elementor-element elementor-element-7e24d37 elementor-widget elementor-widget-image\" data-id=\"7e24d37\" data-element_type=\"widget\" data-e-type=\"widget\" data-widget_type=\"image.default\">\n\t\t\t\t<div class=\"elementor-widget-container\">\n\t\t\t\t\t\t\t\t\t\t\t\t\t\t\t<img decoding=\"async\" width=\"381\" height=\"247\" src=\"https:\/\/hansarotary.ee\/uusleht\/wp-content\/uploads\/2025\/01\/image008.jpg\" class=\"attachment-full size-full wp-image-649\" alt=\"\" srcset=\"https:\/\/hansarotary.ee\/uusleht\/wp-content\/uploads\/2025\/01\/image008.jpg 381w, https:\/\/hansarotary.ee\/uusleht\/wp-content\/uploads\/2025\/01\/image008-300x194.jpg 300w\" sizes=\"(max-width: 381px) 100vw, 381px\" \/>\t\t\t\t\t\t\t\t\t\t\t\t\t\t\t<\/div>\n\t\t\t\t<\/div>\n\t\t\t\t<\/div>\n\t\t\t\t<\/div>\n\t\t\t\t\t<\/div>\n\t\t\t\t<\/div>\n\t\t\t\t<\/div>\n\t\t","protected":false},"excerpt":{"rendered":"<p>2024-2025 Rotary-aasta tunnuslause \u201cThe Magic of Rotary\u201d viitab, et Rotary-liikumises on maagiat, mis liidab inimesi, kes teenivad \u00fchiskonda.Mis on need \u00fchiskonna valupunktid, kus Rotary saab aidata? Meie klubi eesm\u00e4rk on toetada teadusandekaid noori Tiivasirutuse programmi kaudu. Andekad noored on need, kes oma andeid, loovust ja t\u00f6\u00f6kust suunavad tulevikus maailma paremaks muutmiseks meie k\u00f5igi jaoks.\u00a0\u00dchiskonna teenimiseks [&hellip;]<\/p>\n","protected":false},"author":1,"featured_media":0,"parent":0,"menu_order":0,"comment_status":"closed","ping_status":"closed","template":"","meta":{"footnotes":""},"class_list":["post-76","page","type-page","status-publish","hentry"],"_links":{"self":[{"href":"https:\/\/hansarotary.ee\/uusleht\/wp-json\/wp\/v2\/pages\/76","targetHints":{"allow":["GET"]}}],"collection":[{"href":"https:\/\/hansarotary.ee\/uusleht\/wp-json\/wp\/v2\/pages"}],"about":[{"href":"https:\/\/hansarotary.ee\/uusleht\/wp-json\/wp\/v2\/types\/page"}],"author":[{"embeddable":true,"href":"https:\/\/hansarotary.ee\/uusleht\/wp-json\/wp\/v2\/users\/1"}],"replies":[{"embeddable":true,"href":"https:\/\/hansarotary.ee\/uusleht\/wp-json\/wp\/v2\/comments?post=76"}],"version-history":[{"count":80,"href":"https:\/\/hansarotary.ee\/uusleht\/wp-json\/wp\/v2\/pages\/76\/revisions"}],"predecessor-version":[{"id":747,"href":"https:\/\/hansarotary.ee\/uusleht\/wp-json\/wp\/v2\/pages\/76\/revisions\/747"}],"wp:attachment":[{"href":"https:\/\/hansarotary.ee\/uusleht\/wp-json\/wp\/v2\/media?parent=76"}],"curies":[{"name":"wp","href":"https:\/\/api.w.org\/{rel}","templated":true}]}}